{"id":3787,"date":"2020-07-02T18:42:07","date_gmt":"2020-07-02T11:42:07","guid":{"rendered":"http:\/\/km-cosmetic.com\/?post_type=product&#038;p=3787"},"modified":"2024-05-13T10:17:16","modified_gmt":"2024-05-13T03:17:16","slug":"goi-bo-sung-loi-khuan-ho-tro-tieu-hoa-kwangdong-prebiotic-fructooligosaccharide","status":"publish","type":"product","link":"https:\/\/naturecns.com.vn\/en\/san-pham\/goi-bo-sung-loi-khuan-ho-tro-tieu-hoa-kwangdong-prebiotic-fructooligosaccharide","title":{"rendered":"G\u00f3i B\u1ed5 Sung L\u1ee3i Khu\u1ea9n H\u1ed7 Tr\u1ee3 Ti\u00eau H\u00f3a Kwangdong Prebiotic Fructooligosaccharide"},"content":{"rendered":"<div class=\"fancybox\"><h2><strong>I. C\u00f4ng d\u1ee5ng<\/strong><\/h2>\n<ul>\n<li>Prebiotic l\u00e0 ch\u1ea5t gi\u00fap c\u00e1c vi khu\u1ea9n c\u00f3 l\u1ee3i ph\u00e1t tri\u1ec3n trong ru\u1ed9t v\u00e0 \u0111\u00f3ng vai tr\u00f2 l\u00e0 ngu\u1ed3n dinh d\u01b0\u1ee1ng cho men vi sinh, gi\u00fap c\u1ea3i thi\u1ec7n m\u00f4i tr\u01b0\u1eddng \u0111\u01b0\u1eddng ru\u1ed9t. C\u00e1c v\u00ed d\u1ee5 ti\u00eau bi\u1ec3u bao g\u1ed3m insulin, lactulose, fructooligosaccharides v\u00e0 ch\u1ea5t x\u01a1.<\/li>\n<li>Khi s\u1eed d\u1ee5ng c\u00f9ng nhau, men vi sinh l\u00e0 vi khu\u1ea9n c\u00f3 l\u1ee3i v\u00e0 prebiotic l\u00e0 th\u1ee9c \u0103n c\u1ee7a ch\u00fang c\u00f3 th\u1ec3 th\u00fac \u0111\u1ea9y s\u1ef1 ph\u00e1t tri\u1ec3n c\u1ee7a vi khu\u1ea9n c\u00f3 l\u1ee3i.<\/li>\n<\/ul>\n<h2><strong>II. C\u00e1ch s\u1eed d\u1ee5ng<\/strong><\/h2>\n<div class=\"showmore_content show\">\n<ol>\n<li>M\u1ed9t ng\u00e0y u\u1ed1ng m\u1ed9t l\u1ea7n, m\u1ed7i l\u1ea7n 1 g\u00f3i (4,000mg). C\u00f3 th\u1ec3 u\u1ed1ng tr\u1ef1c ti\u1ebfp ho\u1eb7c u\u1ed1ng v\u1edbi n\u01b0\u1edbc<\/li>\n<\/ol>\n<\/div>\n<\/div>","protected":false},"excerpt":{"rendered":"<p>Xu\u1ea5t x\u1ee9: H\u00e0n Qu\u1ed1c<\/p>\n<p>Th\u01b0\u01a1ng hi\u1ec7u: Kwangdong<\/p>\n","protected":false},"featured_media":5088,"template":"","meta":[],"product_cat":[163],"product_tag":[],"_links":{"self":[{"href":"https:\/\/naturecns.com.vn\/en\/wp-json\/wp\/v2\/product\/3787"}],"collection":[{"href":"https:\/\/naturecns.com.vn\/en\/wp-json\/wp\/v2\/product"}],"about":[{"href":"https:\/\/naturecns.com.vn\/en\/wp-json\/wp\/v2\/types\/product"}],"wp:featuredmedia":[{"embeddable":true,"href":"https:\/\/naturecns.com.vn\/en\/wp-json\/wp\/v2\/media\/5088"}],"wp:attachment":[{"href":"https:\/\/naturecns.com.vn\/en\/wp-json\/wp\/v2\/media?parent=3787"}],"wp:term":[{"taxonomy":"product_cat","embeddable":true,"href":"https:\/\/naturecns.com.vn\/en\/wp-json\/wp\/v2\/product_cat?post=3787"},{"taxonomy":"product_tag","embeddable":true,"href":"https:\/\/naturecns.com.vn\/en\/wp-json\/wp\/v2\/product_tag?post=3787"}],"curies":[{"name":"wp","href":"https:\/\/api.w.org\/{rel}","templated":true}]}}